{"id":3996,"date":"2023-12-07T21:28:12","date_gmt":"2023-12-07T21:28:12","guid":{"rendered":"https:\/\/new.naturesharvest.ca\/?post_type=product&#038;p=3996"},"modified":"2023-12-08T17:05:47","modified_gmt":"2023-12-08T17:05:47","slug":"recette-de-pate-a-lagneau","status":"publish","type":"product","link":"https:\/\/naturesharvest.ca\/fr\/product\/recette-de-pate-a-lagneau\/","title":{"rendered":"Recette de p\u00e2t\u00e9 \u00e0 l\u2019agneau"},"content":{"rendered":"","protected":false},"excerpt":{"rendered":"","protected":false},"featured_media":2103,"comment_status":"open","ping_status":"closed","template":"elementor_header_footer","meta":{"_acf_changed":false},"product_brand":[],"product_cat":[245,247,375],"product_tag":[279],"class_list":{"0":"post-3996","1":"product","2":"type-product","3":"status-publish","4":"has-post-thumbnail","6":"product_cat-chien","7":"product_cat-nourriture-humide","8":"product_cat-original-fr","9":"product_tag-ingredients-limites","11":"first","12":"instock","13":"shipping-taxable","14":"product-type-simple"},"acf":[],"_links":{"self":[{"href":"https:\/\/naturesharvest.ca\/fr\/wp-json\/wp\/v2\/product\/3996","targetHints":{"allow":["GET"]}}],"collection":[{"href":"https:\/\/naturesharvest.ca\/fr\/wp-json\/wp\/v2\/product"}],"about":[{"href":"https:\/\/naturesharvest.ca\/fr\/wp-json\/wp\/v2\/types\/product"}],"replies":[{"embeddable":true,"href":"https:\/\/naturesharvest.ca\/fr\/wp-json\/wp\/v2\/comments?post=3996"}],"version-history":[{"count":0,"href":"https:\/\/naturesharvest.ca\/fr\/wp-json\/wp\/v2\/product\/3996\/revisions"}],"wp:featuredmedia":[{"embeddable":true,"href":"https:\/\/naturesharvest.ca\/fr\/wp-json\/wp\/v2\/media\/2103"}],"wp:attachment":[{"href":"https:\/\/naturesharvest.ca\/fr\/wp-json\/wp\/v2\/media?parent=3996"}],"wp:term":[{"taxonomy":"product_brand","embeddable":true,"href":"https:\/\/naturesharvest.ca\/fr\/wp-json\/wp\/v2\/product_brand?post=3996"},{"taxonomy":"product_cat","embeddable":true,"href":"https:\/\/naturesharvest.ca\/fr\/wp-json\/wp\/v2\/product_cat?post=3996"},{"taxonomy":"product_tag","embeddable":true,"href":"https:\/\/naturesharvest.ca\/fr\/wp-json\/wp\/v2\/product_tag?post=3996"}],"curies":[{"name":"wp","href":"https:\/\/api.w.org\/{rel}","templated":true}]}}