{"id":3391,"date":"2023-12-03T23:33:32","date_gmt":"2023-12-03T23:33:32","guid":{"rendered":"https:\/\/new.naturesharvest.ca\/?post_type=product&#038;p=3391"},"modified":"2023-12-20T18:17:21","modified_gmt":"2023-12-20T18:17:21","slug":"boeuf-seche-4-po","status":"publish","type":"product","link":"https:\/\/naturesharvest.ca\/fr\/product\/boeuf-seche-4-po\/","title":{"rendered":"B\u0153uf s\u00e9ch\u00e9 4 po"},"content":{"rendered":"","protected":false},"excerpt":{"rendered":"","protected":false},"featured_media":2123,"comment_status":"open","ping_status":"closed","template":"","meta":{"_acf_changed":false},"product_brand":[],"product_cat":[245,265,261],"product_tag":[287,272],"class_list":{"0":"post-3391","1":"product","2":"type-product","3":"status-publish","4":"has-post-thumbnail","6":"product_cat-chien","7":"product_cat-gateries-chien","8":"product_cat-un-ingredient","9":"product_tag-100-naturel","10":"product_tag-sans-grains","12":"first","13":"instock","14":"shipping-taxable","15":"product-type-simple"},"acf":[],"_links":{"self":[{"href":"https:\/\/naturesharvest.ca\/fr\/wp-json\/wp\/v2\/product\/3391","targetHints":{"allow":["GET"]}}],"collection":[{"href":"https:\/\/naturesharvest.ca\/fr\/wp-json\/wp\/v2\/product"}],"about":[{"href":"https:\/\/naturesharvest.ca\/fr\/wp-json\/wp\/v2\/types\/product"}],"replies":[{"embeddable":true,"href":"https:\/\/naturesharvest.ca\/fr\/wp-json\/wp\/v2\/comments?post=3391"}],"version-history":[{"count":0,"href":"https:\/\/naturesharvest.ca\/fr\/wp-json\/wp\/v2\/product\/3391\/revisions"}],"wp:featuredmedia":[{"embeddable":true,"href":"https:\/\/naturesharvest.ca\/fr\/wp-json\/wp\/v2\/media\/2123"}],"wp:attachment":[{"href":"https:\/\/naturesharvest.ca\/fr\/wp-json\/wp\/v2\/media?parent=3391"}],"wp:term":[{"taxonomy":"product_brand","embeddable":true,"href":"https:\/\/naturesharvest.ca\/fr\/wp-json\/wp\/v2\/product_brand?post=3391"},{"taxonomy":"product_cat","embeddable":true,"href":"https:\/\/naturesharvest.ca\/fr\/wp-json\/wp\/v2\/product_cat?post=3391"},{"taxonomy":"product_tag","embeddable":true,"href":"https:\/\/naturesharvest.ca\/fr\/wp-json\/wp\/v2\/product_tag?post=3391"}],"curies":[{"name":"wp","href":"https:\/\/api.w.org\/{rel}","templated":true}]}}