{"id":3388,"date":"2023-12-03T23:32:58","date_gmt":"2023-12-03T23:32:58","guid":{"rendered":"https:\/\/new.naturesharvest.ca\/?post_type=product&#038;p=3388"},"modified":"2023-12-11T01:57:59","modified_gmt":"2023-12-11T01:57:59","slug":"gateries-au-foie-de-boeuf-seche-a-froid","status":"publish","type":"product","link":"https:\/\/naturesharvest.ca\/fr\/product\/gateries-au-foie-de-boeuf-seche-a-froid\/","title":{"rendered":"G\u00e2teries au foie de b\u0153uf s\u00e9ch\u00e9 \u00e0 froid"},"content":{"rendered":"","protected":false},"excerpt":{"rendered":"","protected":false},"featured_media":2222,"comment_status":"open","ping_status":"closed","template":"","meta":{"_acf_changed":false},"product_brand":[],"product_cat":[239,245,265,267,261],"product_tag":[287,272],"class_list":{"0":"post-3388","1":"product","2":"type-product","3":"status-publish","4":"has-post-thumbnail","6":"product_cat-chat-fr","7":"product_cat-chien","8":"product_cat-gateries-chien","9":"product_cat-gateries-chat","10":"product_cat-un-ingredient","11":"product_tag-100-naturel","12":"product_tag-sans-grains","14":"first","15":"instock","16":"shipping-taxable","17":"product-type-simple"},"acf":[],"_links":{"self":[{"href":"https:\/\/naturesharvest.ca\/fr\/wp-json\/wp\/v2\/product\/3388","targetHints":{"allow":["GET"]}}],"collection":[{"href":"https:\/\/naturesharvest.ca\/fr\/wp-json\/wp\/v2\/product"}],"about":[{"href":"https:\/\/naturesharvest.ca\/fr\/wp-json\/wp\/v2\/types\/product"}],"replies":[{"embeddable":true,"href":"https:\/\/naturesharvest.ca\/fr\/wp-json\/wp\/v2\/comments?post=3388"}],"version-history":[{"count":0,"href":"https:\/\/naturesharvest.ca\/fr\/wp-json\/wp\/v2\/product\/3388\/revisions"}],"wp:featuredmedia":[{"embeddable":true,"href":"https:\/\/naturesharvest.ca\/fr\/wp-json\/wp\/v2\/media\/2222"}],"wp:attachment":[{"href":"https:\/\/naturesharvest.ca\/fr\/wp-json\/wp\/v2\/media?parent=3388"}],"wp:term":[{"taxonomy":"product_brand","embeddable":true,"href":"https:\/\/naturesharvest.ca\/fr\/wp-json\/wp\/v2\/product_brand?post=3388"},{"taxonomy":"product_cat","embeddable":true,"href":"https:\/\/naturesharvest.ca\/fr\/wp-json\/wp\/v2\/product_cat?post=3388"},{"taxonomy":"product_tag","embeddable":true,"href":"https:\/\/naturesharvest.ca\/fr\/wp-json\/wp\/v2\/product_tag?post=3388"}],"curies":[{"name":"wp","href":"https:\/\/api.w.org\/{rel}","templated":true}]}}