{"id":3123,"date":"2023-11-28T16:51:56","date_gmt":"2023-11-28T16:51:56","guid":{"rendered":"https:\/\/new.naturesharvest.ca\/?page_id=3123"},"modified":"2023-12-04T11:57:05","modified_gmt":"2023-12-04T11:57:05","slug":"nourriture-seche","status":"publish","type":"page","link":"https:\/\/naturesharvest.ca\/fr\/pour-chiens\/nourriture-seche\/","title":{"rendered":"Nourriture s\u00e8che"},"content":{"rendered":"\t\t<div data-elementor-type=\"wp-page\" data-elementor-id=\"3123\" class=\"elementor elementor-3123 elementor-1576\">\n\t\t\t\t\t\t<section class=\"elementor-section elementor-top-section elementor-element elementor-element-cb8f7a9 elementor-section-boxed elementor-section-height-default elementor-section-height-default\" data-id=\"cb8f7a9\" data-element_type=\"section\" data-e-type=\"section\" data-settings=\"{&quot;jet_parallax_layout_list&quot;:[{&quot;jet_parallax_layout_image&quot;:{&quot;url&quot;:&quot;&quot;,&quot;id&quot;:&quot;&quot;,&quot;size&quot;:&quot;&quot;},&quot;_id&quot;:&quot;54e8dff&quot;,&quot;jet_parallax_layout_speed&quot;:{&quot;unit&quot;:&quot;%&quot;,&quot;size&quot;:&quot;50&quot;,&quot;sizes&quot;:[]},&quot;jet_parallax_layout_bg_x&quot;:&quot;50&quot;,&quot;jet_parallax_layout_bg_y&quot;:&quot;50&quot;,&quot;jet_parallax_layout_image_tablet&quot;:{&quot;url&quot;:&quot;&quot;,&quot;id&quot;:&quot;&quot;,&quot;size&quot;:&quot;&quot;},&quot;jet_parallax_layout_image_mobile&quot;:{&quot;url&quot;:&quot;&quot;,&quot;id&quot;:&quot;&quot;,&quot;size&quot;:&quot;&quot;},&quot;jet_parallax_layout_type&quot;:&quot;scroll&quot;,&quot;jet_parallax_layout_direction&quot;:&quot;1&quot;,&quot;jet_parallax_layout_fx_direction&quot;:null,&quot;jet_parallax_layout_z_index&quot;:&quot;&quot;,&quot;jet_parallax_layout_bg_x_tablet&quot;:&quot;&quot;,&quot;jet_parallax_layout_bg_x_mobile&quot;:&quot;&quot;,&quot;jet_parallax_layout_bg_y_tablet&quot;:&quot;&quot;,&quot;jet_parallax_layout_bg_y_mobile&quot;:&quot;&quot;,&quot;jet_parallax_layout_bg_size&quot;:&quot;auto&quot;,&quot;jet_parallax_layout_bg_size_tablet&quot;:&quot;&quot;,&quot;jet_parallax_layout_bg_size_mobile&quot;:&quot;&quot;,&quot;jet_parallax_layout_animation_prop&quot;:&quot;transform&quot;,&quot;jet_parallax_layout_on&quot;:[&quot;desktop&quot;,&quot;tablet&quot;]}],&quot;background_background&quot;:&quot;classic&quot;}\">\n\t\t\t\t\t\t<div class=\"elementor-container elementor-column-gap-no\">\n\t\t\t\t\t<div class=\"elementor-column elementor-col-100 elementor-top-column elementor-element elementor-element-27b6676\" data-id=\"27b6676\" data-element_type=\"column\" data-e-type=\"column\">\n\t\t\t<div class=\"elementor-widget-wrap elementor-element-populated\">\n\t\t\t\t\t\t<div class=\"elementor-element elementor-element-4c95505 elementor-align-left elementor-widget elementor-widget-raven-heading\" data-id=\"4c95505\" data-element_type=\"widget\" data-e-type=\"widget\" data-widget_type=\"raven-heading.default\">\n\t\t\t\t<div class=\"elementor-widget-container\">\n\t\t\t\t\t\t\t<div class=\"raven-widget-wrapper\"><h1 class=\"raven-heading raven-heading-h1\"><span class=\"raven-heading-title \">NOURRITURE S\u00c8CHE<\/span><\/h1><\/div>\n\t\t\t\t\t\t<\/div>\n\t\t\t\t<\/div>\n\t\t\t\t<div class=\"elementor-element elementor-element-167f7ad elementor-align-left elementor-widget elementor-widget-raven-heading\" data-id=\"167f7ad\" data-element_type=\"widget\" data-e-type=\"widget\" data-widget_type=\"raven-heading.default\">\n\t\t\t\t<div class=\"elementor-widget-container\">\n\t\t\t\t\t\t\t<div class=\"raven-widget-wrapper\"><h5 class=\"raven-heading raven-heading-h5\"><span class=\"raven-heading-title \">Sans agents de conservation, ar\u00f4mes et colorants artificiels.<\/span><\/h5><\/div>\n\t\t\t\t\t\t<\/div>\n\t\t\t\t<\/div>\n\t\t\t\t\t<\/div>\n\t\t<\/div>\n\t\t\t\t\t<\/div>\n\t\t<\/section>\n\t\t\t\t<section class=\"elementor-section elementor-top-section elementor-element elementor-element-3dd135f elementor-section-boxed elementor-section-height-default elementor-section-height-default\" data-id=\"3dd135f\" data-element_type=\"section\" data-e-type=\"section\" data-settings=\"{&quot;jet_parallax_layout_list&quot;:[{&quot;jet_parallax_layout_image&quot;:{&quot;url&quot;:&quot;&quot;,&quot;id&quot;:&quot;&quot;,&quot;size&quot;:&quot;&quot;},&quot;_id&quot;:&quot;38cfd14&quot;,&quot;jet_parallax_layout_speed&quot;:{&quot;unit&quot;:&quot;%&quot;,&quot;size&quot;:&quot;50&quot;,&quot;sizes&quot;:[]},&quot;jet_parallax_layout_bg_x&quot;:&quot;50&quot;,&quot;jet_parallax_layout_bg_y&quot;:&quot;50&quot;,&quot;jet_parallax_layout_image_tablet&quot;:{&quot;url&quot;:&quot;&quot;,&quot;id&quot;:&quot;&quot;,&quot;size&quot;:&quot;&quot;},&quot;jet_parallax_layout_image_mobile&quot;:{&quot;url&quot;:&quot;&quot;,&quot;id&quot;:&quot;&quot;,&quot;size&quot;:&quot;&quot;},&quot;jet_parallax_layout_type&quot;:&quot;scroll&quot;,&quot;jet_parallax_layout_direction&quot;:&quot;1&quot;,&quot;jet_parallax_layout_fx_direction&quot;:null,&quot;jet_parallax_layout_z_index&quot;:&quot;&quot;,&quot;jet_parallax_layout_bg_x_tablet&quot;:&quot;&quot;,&quot;jet_parallax_layout_bg_x_mobile&quot;:&quot;&quot;,&quot;jet_parallax_layout_bg_y_tablet&quot;:&quot;&quot;,&quot;jet_parallax_layout_bg_y_mobile&quot;:&quot;&quot;,&quot;jet_parallax_layout_bg_size&quot;:&quot;auto&quot;,&quot;jet_parallax_layout_bg_size_tablet&quot;:&quot;&quot;,&quot;jet_parallax_layout_bg_size_mobile&quot;:&quot;&quot;,&quot;jet_parallax_layout_animation_prop&quot;:&quot;transform&quot;,&quot;jet_parallax_layout_on&quot;:[&quot;desktop&quot;,&quot;tablet&quot;]}],&quot;background_background&quot;:&quot;classic&quot;}\">\n\t\t\t\t\t\t<div class=\"elementor-container elementor-column-gap-no\">\n\t\t\t\t\t<div class=\"elementor-column elementor-col-100 elementor-top-column elementor-element elementor-element-3524939\" data-id=\"3524939\" data-element_type=\"column\" data-e-type=\"column\">\n\t\t\t<div class=\"elementor-widget-wrap elementor-element-populated\">\n\t\t\t\t\t\t<div class=\"elementor-element elementor-element-1fa1f1c raven-products-columns--tablet-count-3 raven-products-columns--mobile-count-1 raven-swap-effect-enlarge_hover raven-products-gerenal-layout-grid raven-products-content-layout-under-image raven-products-columns--count-3 raven-title-show raven-rating-show raven-oos-badge-show raven-quick-view-show box-alignment-center elementor-widget elementor-widget-raven-wc-products\" data-id=\"1fa1f1c\" data-element_type=\"widget\" data-e-type=\"widget\" data-settings=\"{&quot;query_orderby&quot;:&quot;title&quot;,&quot;query_order&quot;:&quot;ASC&quot;,&quot;layout&quot;:&quot;custom&quot;,&quot;show_all_products&quot;:&quot;yes&quot;,&quot;columns_custom_tablet&quot;:&quot;3&quot;,&quot;columns_custom_mobile&quot;:&quot;1&quot;,&quot;swap_effect&quot;:&quot;enlarge_hover&quot;,&quot;load_effect&quot;:&quot;fade-in&quot;,&quot;query_offset&quot;:0,&quot;view_as&quot;:&quot;column&quot;,&quot;general_layout&quot;:&quot;grid&quot;,&quot;content_layout&quot;:&quot;under-image&quot;,&quot;columns_custom&quot;:&quot;3&quot;}\" data-widget_type=\"raven-wc-products.default\">\n\t\t\t\t<div class=\"elementor-widget-container\">\n\t\t\t\t\t\t\t<div\n\t\t\tclass=\"raven-wc-products-wrapper raven-wc-products-custom\"\n\t\t\tdata-settings=\"{&quot;layout&quot;:&quot;custom&quot;,&quot;total_pages&quot;:1,&quot;image_size&quot;:&quot;full&quot;,&quot;atc_button&quot;:&quot;&quot;}\"\n\t\t\tdata-query=\"{&quot;\\u0000*\\u0000type&quot;:&quot;products&quot;,&quot;\\u0000*\\u0000attributes&quot;:{&quot;limit&quot;:&quot;-1&quot;,&quot;columns&quot;:&quot;3&quot;,&quot;rows&quot;:null,&quot;orderby&quot;:&quot;title&quot;,&quot;order&quot;:&quot;ASC&quot;,&quot;ids&quot;:&quot;&quot;,&quot;skus&quot;:&quot;&quot;,&quot;category&quot;:&quot;253&quot;,&quot;cat_operator&quot;:&quot;IN&quot;,&quot;attribute&quot;:&quot;&quot;,&quot;terms&quot;:&quot;&quot;,&quot;terms_operator&quot;:&quot;IN&quot;,&quot;tag&quot;:&quot;&quot;,&quot;tag_operator&quot;:&quot;IN&quot;,&quot;visibility&quot;:&quot;visible&quot;,&quot;class&quot;:&quot;&quot;,&quot;page&quot;:1,&quot;paginate&quot;:false,&quot;cache&quot;:true,&quot;brand&quot;:&quot;&quot;,&quot;brand_operator&quot;:&quot;IN&quot;},&quot;\\u0000*\\u0000query_args&quot;:{&quot;post_type&quot;:&quot;product&quot;,&quot;post_status&quot;:&quot;publish&quot;,&quot;ignore_sticky_posts&quot;:true,&quot;no_found_rows&quot;:true,&quot;orderby&quot;:&quot;title&quot;,&quot;order&quot;:&quot;ASC&quot;,&quot;posts_per_page&quot;:-1,&quot;meta_query&quot;:[],&quot;tax_query&quot;:[{&quot;taxonomy&quot;:&quot;product_visibility&quot;,&quot;field&quot;:&quot;term_taxonomy_id&quot;,&quot;terms&quot;:[14],&quot;operator&quot;:&quot;NOT IN&quot;},{&quot;taxonomy&quot;:&quot;product_cat&quot;,&quot;terms&quot;:[253],&quot;field&quot;:&quot;term_id&quot;,&quot;operator&quot;:&quot;IN&quot;,&quot;include_children&quot;:true}],&quot;fields&quot;:&quot;ids&quot;},&quot;\\u0000*\\u0000custom_visibility&quot;:false,&quot;fallback_filter&quot;:null,&quot;context_id&quot;:&quot;ctx_0&quot;}\"\n\t\t\t\t\t>\n\t\t\t<h2 class=\"raven-wc-products-title\"><\/h2><div class=\"woocommerce columns-3 \"><ul class=\"products columns-3\">\n<li class=\"product type-product post-3538 status-publish first instock product_cat-chien product_cat-nourriture-seche-chien product_tag-ingredients-limites product_tag-sans-grains has-post-thumbnail shipping-taxable product-type-simple\">\n\t<div class=\"jupiterx-products-wrapper \"><div class=\"jupiterx-product-container  raven-product-load-effect raven-product-effect-fade-in\" data-product-id=\"3538\"><a href=\"https:\/\/naturesharvest.ca\/fr\/product\/recette-a-lagneau-sans-grains\/\" class=\"woocommerce-LoopProduct-link woocommerce-loop-product__link\"><div class=jupiterx-wc-loop-product-image-wrapper><a href=https:\/\/naturesharvest.ca\/fr\/product\/recette-a-lagneau-sans-grains\/><div class=\"jupiterx-wc-loop-product-image raven-image-fit\"><div class=\"raven-product-image-overlay\"><\/div><img fetchpriority=\"high\" decoding=\"async\" width=\"1200\" height=\"1200\" src=\"https:\/\/naturesharvest.ca\/wp-content\/uploads\/2023\/07\/NaturesHarvest-Dog-Dry-Render-Lamb-Front-web.jpg\" class=\"attachment-full size-full\" alt=\"Recette \u00e0 l&#039;agneau sans grains\" \/><\/div><\/a><\/div><a href=\"https:\/\/naturesharvest.ca\/fr\/product\/recette-a-lagneau-sans-grains\/\" class=\"woocommerce-LoopProduct-link woocommerce-loop-product__link\"><\/a><\/div><\/div><\/a><\/li>\n<li class=\"product type-product post-3536 status-publish instock product_cat-chien product_cat-nourriture-seche-chien product_tag-ingredients-limites product_tag-sans-grains has-post-thumbnail shipping-taxable product-type-simple\">\n\t<div class=\"jupiterx-products-wrapper \"><div class=\"jupiterx-product-container  raven-product-load-effect raven-product-effect-fade-in\" data-product-id=\"3536\"><a href=\"https:\/\/naturesharvest.ca\/fr\/product\/recette-a-la-morue-sauvage-2\/\" class=\"woocommerce-LoopProduct-link woocommerce-loop-product__link\"><div class=jupiterx-wc-loop-product-image-wrapper><a href=https:\/\/naturesharvest.ca\/fr\/product\/recette-a-la-morue-sauvage-2\/><div class=\"jupiterx-wc-loop-product-image raven-image-fit\"><div class=\"raven-product-image-overlay\"><\/div><img decoding=\"async\" width=\"1200\" height=\"1200\" src=\"https:\/\/naturesharvest.ca\/wp-content\/uploads\/2023\/07\/NaturesHarvest-Dog-Dry-Render-Cod-Front-web.jpg\" class=\"attachment-full size-full\" alt=\"Recette \u00e0 la morue sauvage\" \/><\/div><\/a><\/div><a href=\"https:\/\/naturesharvest.ca\/fr\/product\/recette-a-la-morue-sauvage-2\/\" class=\"woocommerce-LoopProduct-link woocommerce-loop-product__link\"><\/a><\/div><\/div><\/a><\/li>\n<li class=\"product type-product post-3542 status-publish last instock product_cat-chien product_cat-nourriture-seche-chien has-post-thumbnail shipping-taxable product-type-simple\">\n\t<div class=\"jupiterx-products-wrapper \"><div class=\"jupiterx-product-container  raven-product-load-effect raven-product-effect-fade-in\" data-product-id=\"3542\"><a href=\"https:\/\/naturesharvest.ca\/fr\/product\/recette-au-poulet-pour-adulte\/\" class=\"woocommerce-LoopProduct-link woocommerce-loop-product__link\"><div class=jupiterx-wc-loop-product-image-wrapper><a href=https:\/\/naturesharvest.ca\/fr\/product\/recette-au-poulet-pour-adulte\/><div class=\"jupiterx-wc-loop-product-image raven-image-fit\"><div class=\"raven-product-image-overlay\"><\/div><img decoding=\"async\" width=\"1200\" height=\"1200\" src=\"https:\/\/naturesharvest.ca\/wp-content\/uploads\/2023\/03\/NaturesHarvest-Dog-Dry_Render-ChickenKibble-front-web.jpg\" class=\"attachment-full size-full\" alt=\"Recette au poulet pour adulte\" \/><\/div><\/a><\/div><a href=\"https:\/\/naturesharvest.ca\/fr\/product\/recette-au-poulet-pour-adulte\/\" class=\"woocommerce-LoopProduct-link woocommerce-loop-product__link\"><\/a><\/div><\/div><\/a><\/li>\n<li class=\"product type-product post-3540 status-publish first instock product_cat-chien product_cat-nourriture-seche-chien product_tag-gestion-du-poids has-post-thumbnail shipping-taxable product-type-simple\">\n\t<div class=\"jupiterx-products-wrapper \"><div class=\"jupiterx-product-container  raven-product-load-effect raven-product-effect-fade-in\" data-product-id=\"3540\"><a href=\"https:\/\/naturesharvest.ca\/fr\/product\/recette-au-poulet-pour-chien-mature-2\/\" class=\"woocommerce-LoopProduct-link woocommerce-loop-product__link\"><div class=jupiterx-wc-loop-product-image-wrapper><a href=https:\/\/naturesharvest.ca\/fr\/product\/recette-au-poulet-pour-chien-mature-2\/><div class=\"jupiterx-wc-loop-product-image raven-image-fit\"><div class=\"raven-product-image-overlay\"><\/div><img loading=\"lazy\" decoding=\"async\" width=\"1200\" height=\"1200\" src=\"https:\/\/naturesharvest.ca\/wp-content\/uploads\/2023\/07\/NaturesHarvest-Dog-Dry-Render-Mature-Front-web.jpg\" class=\"attachment-full size-full\" alt=\"Recette au poulet pour chien mature\" \/><\/div><\/a><\/div><a href=\"https:\/\/naturesharvest.ca\/fr\/product\/recette-au-poulet-pour-chien-mature-2\/\" class=\"woocommerce-LoopProduct-link woocommerce-loop-product__link\"><\/a><\/div><\/div><\/a><\/li>\n<li class=\"product type-product post-3541 status-publish instock product_cat-chien product_cat-nourriture-seche-chien has-post-thumbnail shipping-taxable product-type-simple\">\n\t<div class=\"jupiterx-products-wrapper \"><div class=\"jupiterx-product-container  raven-product-load-effect raven-product-effect-fade-in\" data-product-id=\"3541\"><a href=\"https:\/\/naturesharvest.ca\/fr\/product\/recette-au-poulet-pour-chiot\/\" class=\"woocommerce-LoopProduct-link woocommerce-loop-product__link\"><div class=jupiterx-wc-loop-product-image-wrapper><a href=https:\/\/naturesharvest.ca\/fr\/product\/recette-au-poulet-pour-chiot\/><div class=\"jupiterx-wc-loop-product-image raven-image-fit\"><div class=\"raven-product-image-overlay\"><\/div><img loading=\"lazy\" decoding=\"async\" width=\"1200\" height=\"1200\" src=\"https:\/\/naturesharvest.ca\/wp-content\/uploads\/2023\/07\/NaturesHarvest-Dog-Dry-Render-Puppy-web.jpg\" class=\"attachment-full size-full\" alt=\"Recette au poulet pour chiot\" \/><\/div><\/a><\/div><a href=\"https:\/\/naturesharvest.ca\/fr\/product\/recette-au-poulet-pour-chiot\/\" class=\"woocommerce-LoopProduct-link woocommerce-loop-product__link\"><\/a><\/div><\/div><\/a><\/li>\n<li class=\"product type-product post-3539 status-publish last instock product_cat-chien product_cat-nourriture-seche-chien product_tag-ingredients-limites product_tag-sans-grains has-post-thumbnail shipping-taxable product-type-simple\">\n\t<div class=\"jupiterx-products-wrapper \"><div class=\"jupiterx-product-container  raven-product-load-effect raven-product-effect-fade-in\" data-product-id=\"3539\"><a href=\"https:\/\/naturesharvest.ca\/fr\/product\/recette-au-poulet-sans-grains-2\/\" class=\"woocommerce-LoopProduct-link woocommerce-loop-product__link\"><div class=jupiterx-wc-loop-product-image-wrapper><a href=https:\/\/naturesharvest.ca\/fr\/product\/recette-au-poulet-sans-grains-2\/><div class=\"jupiterx-wc-loop-product-image raven-image-fit\"><div class=\"raven-product-image-overlay\"><\/div><img loading=\"lazy\" decoding=\"async\" width=\"1200\" height=\"1200\" src=\"https:\/\/naturesharvest.ca\/wp-content\/uploads\/2023\/07\/NaturesHarvest-Dog-Dry-Render-GF-Chicken-Front-web.jpg\" class=\"attachment-full size-full\" alt=\"Recette au poulet sans grains\" \/><\/div><\/a><\/div><a href=\"https:\/\/naturesharvest.ca\/fr\/product\/recette-au-poulet-sans-grains-2\/\" class=\"woocommerce-LoopProduct-link woocommerce-loop-product__link\"><\/a><\/div><\/div><\/a><\/li>\n<li class=\"product type-product post-3537 status-publish first instock product_cat-chien product_cat-nourriture-seche-chien product_tag-hypoallergenique product_tag-ingredients-limites has-post-thumbnail shipping-taxable product-type-simple\">\n\t<div class=\"jupiterx-products-wrapper \"><div class=\"jupiterx-product-container  raven-product-load-effect raven-product-effect-fade-in\" data-product-id=\"3537\"><a href=\"https:\/\/naturesharvest.ca\/fr\/product\/recette-hypoallergene-au-canard\/\" class=\"woocommerce-LoopProduct-link woocommerce-loop-product__link\"><div class=jupiterx-wc-loop-product-image-wrapper><a href=https:\/\/naturesharvest.ca\/fr\/product\/recette-hypoallergene-au-canard\/><div class=\"jupiterx-wc-loop-product-image raven-image-fit\"><div class=\"raven-product-image-overlay\"><\/div><img loading=\"lazy\" decoding=\"async\" width=\"1200\" height=\"1200\" src=\"https:\/\/naturesharvest.ca\/wp-content\/uploads\/2023\/07\/NaturesHarvest-Dog-Dry-Render-Hypo-Front-web.jpg\" class=\"attachment-full size-full\" alt=\"Recette hypoallerg\u00e8ne au canard\" \/><\/div><\/a><\/div><a href=\"https:\/\/naturesharvest.ca\/fr\/product\/recette-hypoallergene-au-canard\/\" class=\"woocommerce-LoopProduct-link woocommerce-loop-product__link\"><\/a><\/div><\/div><\/a><\/li>\n<\/ul>\n<\/div>\t\t<\/div>\n\t\t\t\t\t\t<\/div>\n\t\t\t\t<\/div>\n\t\t\t\t\t<\/div>\n\t\t<\/div>\n\t\t\t\t\t<\/div>\n\t\t<\/section>\n\t\t\t\t<\/div>\n\t\t","protected":false},"excerpt":{"rendered":"<p>NOURRITURE S\u00c8CHE Sans agents de conservation, ar\u00f4mes et colorants artificiels. Chien, Nourriture s\u00e8che Recette \u00e0 l&#8217;agneau sans grains Read more Chien, Nourriture s\u00e8che Recette \u00e0 la morue sauvage Read more Chien, Nourriture s\u00e8che Recette au poulet pour adulte Read more Chien, Nourriture s\u00e8che Recette au poulet pour chien mature Read more Chien, Nourriture s\u00e8che Recette [&hellip;]<\/p>\n","protected":false},"author":1,"featured_media":0,"parent":3106,"menu_order":0,"comment_status":"closed","ping_status":"closed","template":"elementor_header_footer","meta":{"_acf_changed":false,"footnotes":""},"class_list":["post-3123","page","type-page","status-publish","hentry"],"acf":[],"_links":{"self":[{"href":"https:\/\/naturesharvest.ca\/fr\/wp-json\/wp\/v2\/pages\/3123","targetHints":{"allow":["GET"]}}],"collection":[{"href":"https:\/\/naturesharvest.ca\/fr\/wp-json\/wp\/v2\/pages"}],"about":[{"href":"https:\/\/naturesharvest.ca\/fr\/wp-json\/wp\/v2\/types\/page"}],"author":[{"embeddable":true,"href":"https:\/\/naturesharvest.ca\/fr\/wp-json\/wp\/v2\/users\/1"}],"replies":[{"embeddable":true,"href":"https:\/\/naturesharvest.ca\/fr\/wp-json\/wp\/v2\/comments?post=3123"}],"version-history":[{"count":0,"href":"https:\/\/naturesharvest.ca\/fr\/wp-json\/wp\/v2\/pages\/3123\/revisions"}],"up":[{"embeddable":true,"href":"https:\/\/naturesharvest.ca\/fr\/wp-json\/wp\/v2\/pages\/3106"}],"wp:attachment":[{"href":"https:\/\/naturesharvest.ca\/fr\/wp-json\/wp\/v2\/media?parent=3123"}],"curies":[{"name":"wp","href":"https:\/\/api.w.org\/{rel}","templated":true}]}}