{"id":3114,"date":"2023-11-28T16:50:34","date_gmt":"2023-11-28T16:50:34","guid":{"rendered":"https:\/\/new.naturesharvest.ca\/?page_id=3114"},"modified":"2026-03-09T14:45:24","modified_gmt":"2026-03-09T18:45:24","slug":"nourriture-humide","status":"publish","type":"page","link":"https:\/\/naturesharvest.ca\/fr\/pour-chats\/nourriture-humide\/","title":{"rendered":"Nourriture humide"},"content":{"rendered":"\t\t<div data-elementor-type=\"wp-page\" data-elementor-id=\"3114\" class=\"elementor elementor-3114 elementor-1669\">\n\t\t\t\t\t\t<section class=\"elementor-section elementor-top-section elementor-element elementor-element-b3265d5 elementor-section-boxed elementor-section-height-default elementor-section-height-default\" data-id=\"b3265d5\" data-element_type=\"section\" data-e-type=\"section\" data-settings=\"{&quot;jet_parallax_layout_list&quot;:[{&quot;jet_parallax_layout_image&quot;:{&quot;url&quot;:&quot;&quot;,&quot;id&quot;:&quot;&quot;,&quot;size&quot;:&quot;&quot;},&quot;_id&quot;:&quot;54e8dff&quot;,&quot;jet_parallax_layout_speed&quot;:{&quot;unit&quot;:&quot;%&quot;,&quot;size&quot;:&quot;50&quot;,&quot;sizes&quot;:[]},&quot;jet_parallax_layout_bg_x&quot;:&quot;50&quot;,&quot;jet_parallax_layout_bg_y&quot;:&quot;50&quot;,&quot;jet_parallax_layout_image_tablet&quot;:{&quot;url&quot;:&quot;&quot;,&quot;id&quot;:&quot;&quot;,&quot;size&quot;:&quot;&quot;},&quot;jet_parallax_layout_image_mobile&quot;:{&quot;url&quot;:&quot;&quot;,&quot;id&quot;:&quot;&quot;,&quot;size&quot;:&quot;&quot;},&quot;jet_parallax_layout_type&quot;:&quot;scroll&quot;,&quot;jet_parallax_layout_direction&quot;:&quot;1&quot;,&quot;jet_parallax_layout_fx_direction&quot;:null,&quot;jet_parallax_layout_z_index&quot;:&quot;&quot;,&quot;jet_parallax_layout_bg_x_tablet&quot;:&quot;&quot;,&quot;jet_parallax_layout_bg_x_mobile&quot;:&quot;&quot;,&quot;jet_parallax_layout_bg_y_tablet&quot;:&quot;&quot;,&quot;jet_parallax_layout_bg_y_mobile&quot;:&quot;&quot;,&quot;jet_parallax_layout_bg_size&quot;:&quot;auto&quot;,&quot;jet_parallax_layout_bg_size_tablet&quot;:&quot;&quot;,&quot;jet_parallax_layout_bg_size_mobile&quot;:&quot;&quot;,&quot;jet_parallax_layout_animation_prop&quot;:&quot;transform&quot;,&quot;jet_parallax_layout_on&quot;:[&quot;desktop&quot;,&quot;tablet&quot;]}],&quot;background_background&quot;:&quot;classic&quot;}\">\n\t\t\t\t\t\t<div class=\"elementor-container elementor-column-gap-no\">\n\t\t\t\t\t<div class=\"elementor-column elementor-col-100 elementor-top-column elementor-element elementor-element-1d268d1\" data-id=\"1d268d1\" data-element_type=\"column\" data-e-type=\"column\">\n\t\t\t<div class=\"elementor-widget-wrap elementor-element-populated\">\n\t\t\t\t\t\t<div class=\"elementor-element elementor-element-99e2e72 elementor-align-left elementor-widget elementor-widget-raven-heading\" data-id=\"99e2e72\" data-element_type=\"widget\" data-e-type=\"widget\" data-widget_type=\"raven-heading.default\">\n\t\t\t\t<div class=\"elementor-widget-container\">\n\t\t\t\t\t\t\t<div class=\"raven-widget-wrapper\"><h1 class=\"raven-heading raven-heading-h1\"><span class=\"raven-heading-title \">NOURRITURE HUMIDE<\/span><\/h1><\/div>\n\t\t\t\t\t\t<\/div>\n\t\t\t\t<\/div>\n\t\t\t\t<div class=\"elementor-element elementor-element-cedb7d9 elementor-align-left elementor-widget elementor-widget-raven-heading\" data-id=\"cedb7d9\" data-element_type=\"widget\" data-e-type=\"widget\" data-widget_type=\"raven-heading.default\">\n\t\t\t\t<div class=\"elementor-widget-container\">\n\t\t\t\t\t\t\t<div class=\"raven-widget-wrapper\"><h5 class=\"raven-heading raven-heading-h5\"><span class=\"raven-heading-title \">Sans agents de conservation, ar\u00f4mes et colorants artificiels.<\/span><\/h5><\/div>\n\t\t\t\t\t\t<\/div>\n\t\t\t\t<\/div>\n\t\t\t\t\t<\/div>\n\t\t<\/div>\n\t\t\t\t\t<\/div>\n\t\t<\/section>\n\t\t\t\t<section class=\"elementor-section elementor-top-section elementor-element elementor-element-f852660 elementor-section-boxed elementor-section-height-default elementor-section-height-default\" data-id=\"f852660\" data-element_type=\"section\" data-e-type=\"section\" data-settings=\"{&quot;jet_parallax_layout_list&quot;:[{&quot;jet_parallax_layout_image&quot;:{&quot;url&quot;:&quot;&quot;,&quot;id&quot;:&quot;&quot;,&quot;size&quot;:&quot;&quot;},&quot;_id&quot;:&quot;38cfd14&quot;,&quot;jet_parallax_layout_speed&quot;:{&quot;unit&quot;:&quot;%&quot;,&quot;size&quot;:&quot;50&quot;,&quot;sizes&quot;:[]},&quot;jet_parallax_layout_bg_x&quot;:&quot;50&quot;,&quot;jet_parallax_layout_bg_y&quot;:&quot;50&quot;,&quot;jet_parallax_layout_image_tablet&quot;:{&quot;url&quot;:&quot;&quot;,&quot;id&quot;:&quot;&quot;,&quot;size&quot;:&quot;&quot;},&quot;jet_parallax_layout_image_mobile&quot;:{&quot;url&quot;:&quot;&quot;,&quot;id&quot;:&quot;&quot;,&quot;size&quot;:&quot;&quot;},&quot;jet_parallax_layout_type&quot;:&quot;scroll&quot;,&quot;jet_parallax_layout_direction&quot;:&quot;1&quot;,&quot;jet_parallax_layout_fx_direction&quot;:null,&quot;jet_parallax_layout_z_index&quot;:&quot;&quot;,&quot;jet_parallax_layout_bg_x_tablet&quot;:&quot;&quot;,&quot;jet_parallax_layout_bg_x_mobile&quot;:&quot;&quot;,&quot;jet_parallax_layout_bg_y_tablet&quot;:&quot;&quot;,&quot;jet_parallax_layout_bg_y_mobile&quot;:&quot;&quot;,&quot;jet_parallax_layout_bg_size&quot;:&quot;auto&quot;,&quot;jet_parallax_layout_bg_size_tablet&quot;:&quot;&quot;,&quot;jet_parallax_layout_bg_size_mobile&quot;:&quot;&quot;,&quot;jet_parallax_layout_animation_prop&quot;:&quot;transform&quot;,&quot;jet_parallax_layout_on&quot;:[&quot;desktop&quot;,&quot;tablet&quot;]}],&quot;background_background&quot;:&quot;classic&quot;}\">\n\t\t\t\t\t\t<div class=\"elementor-container elementor-column-gap-no\">\n\t\t\t\t\t<div class=\"elementor-column elementor-col-100 elementor-top-column elementor-element elementor-element-4593f9d\" data-id=\"4593f9d\" data-element_type=\"column\" data-e-type=\"column\">\n\t\t\t<div class=\"elementor-widget-wrap elementor-element-populated\">\n\t\t\t\t\t\t<div class=\"elementor-element elementor-element-b202bd5 raven-products-columns--tablet-count-3 raven-products-columns--mobile-count-1 raven-swap-effect-enlarge_hover raven-products-gerenal-layout-grid raven-products-content-layout-under-image raven-products-columns--count-3 raven-title-show raven-rating-show raven-oos-badge-show raven-quick-view-show box-alignment-center elementor-widget elementor-widget-raven-wc-products\" data-id=\"b202bd5\" data-element_type=\"widget\" data-e-type=\"widget\" data-settings=\"{&quot;query_orderby&quot;:&quot;title&quot;,&quot;query_order&quot;:&quot;ASC&quot;,&quot;layout&quot;:&quot;custom&quot;,&quot;show_all_products&quot;:&quot;yes&quot;,&quot;columns_custom_tablet&quot;:&quot;3&quot;,&quot;columns_custom_mobile&quot;:&quot;1&quot;,&quot;swap_effect&quot;:&quot;enlarge_hover&quot;,&quot;load_effect&quot;:&quot;fade-in&quot;,&quot;query_offset&quot;:0,&quot;view_as&quot;:&quot;column&quot;,&quot;general_layout&quot;:&quot;grid&quot;,&quot;content_layout&quot;:&quot;under-image&quot;,&quot;columns_custom&quot;:&quot;3&quot;}\" data-widget_type=\"raven-wc-products.default\">\n\t\t\t\t<div class=\"elementor-widget-container\">\n\t\t\t\t\t\t\t<div\n\t\t\tclass=\"raven-wc-products-wrapper raven-wc-products-custom\"\n\t\t\tdata-settings=\"{&quot;layout&quot;:&quot;custom&quot;,&quot;total_pages&quot;:1,&quot;image_size&quot;:&quot;full&quot;,&quot;atc_button&quot;:&quot;&quot;}\"\n\t\t\tdata-query=\"{&quot;\\u0000*\\u0000type&quot;:&quot;products&quot;,&quot;\\u0000*\\u0000attributes&quot;:{&quot;limit&quot;:&quot;-1&quot;,&quot;columns&quot;:&quot;3&quot;,&quot;rows&quot;:null,&quot;orderby&quot;:&quot;title&quot;,&quot;order&quot;:&quot;ASC&quot;,&quot;ids&quot;:&quot;&quot;,&quot;skus&quot;:&quot;&quot;,&quot;category&quot;:&quot;259&quot;,&quot;cat_operator&quot;:&quot;IN&quot;,&quot;attribute&quot;:&quot;&quot;,&quot;terms&quot;:&quot;&quot;,&quot;terms_operator&quot;:&quot;IN&quot;,&quot;tag&quot;:&quot;&quot;,&quot;tag_operator&quot;:&quot;IN&quot;,&quot;visibility&quot;:&quot;visible&quot;,&quot;class&quot;:&quot;&quot;,&quot;page&quot;:1,&quot;paginate&quot;:false,&quot;cache&quot;:true,&quot;brand&quot;:&quot;&quot;,&quot;brand_operator&quot;:&quot;IN&quot;},&quot;\\u0000*\\u0000query_args&quot;:{&quot;post_type&quot;:&quot;product&quot;,&quot;post_status&quot;:&quot;publish&quot;,&quot;ignore_sticky_posts&quot;:true,&quot;no_found_rows&quot;:true,&quot;orderby&quot;:&quot;title&quot;,&quot;order&quot;:&quot;ASC&quot;,&quot;posts_per_page&quot;:-1,&quot;meta_query&quot;:[],&quot;tax_query&quot;:[{&quot;taxonomy&quot;:&quot;product_visibility&quot;,&quot;field&quot;:&quot;term_taxonomy_id&quot;,&quot;terms&quot;:[14],&quot;operator&quot;:&quot;NOT IN&quot;},{&quot;taxonomy&quot;:&quot;product_cat&quot;,&quot;terms&quot;:[259],&quot;field&quot;:&quot;term_id&quot;,&quot;operator&quot;:&quot;IN&quot;,&quot;include_children&quot;:true}],&quot;fields&quot;:&quot;ids&quot;},&quot;\\u0000*\\u0000custom_visibility&quot;:false,&quot;fallback_filter&quot;:null,&quot;context_id&quot;:&quot;ctx_0&quot;}\"\n\t\t\t\t\t>\n\t\t\t<h2 class=\"raven-wc-products-title\"><\/h2><div class=\"woocommerce columns-3 \"><ul class=\"products columns-3\">\n<li class=\"product type-product post-3462 status-publish first instock product_cat-chat-fr product_cat-nourriture-humide-chat product_cat-original-chat product_tag-gestion-du-poids has-post-thumbnail shipping-taxable product-type-simple\">\n\t<div class=\"jupiterx-products-wrapper \"><div class=\"jupiterx-product-container  raven-product-load-effect raven-product-effect-fade-in\" data-product-id=\"3462\"><a href=\"https:\/\/naturesharvest.ca\/fr\/product\/recette-a-la-dinde-et-a-la-truite\/\" class=\"woocommerce-LoopProduct-link woocommerce-loop-product__link\"><div class=jupiterx-wc-loop-product-image-wrapper><a href=https:\/\/naturesharvest.ca\/fr\/product\/recette-a-la-dinde-et-a-la-truite\/><div class=\"jupiterx-wc-loop-product-image raven-image-fit\"><div class=\"raven-product-image-overlay\"><\/div><img fetchpriority=\"high\" decoding=\"async\" width=\"1200\" height=\"1200\" src=\"https:\/\/naturesharvest.ca\/wp-content\/uploads\/2023\/07\/NaturesHarvest-Wet-Render-Can-369g-Cat-turkey-trout-mature-web.jpg\" class=\"attachment-full size-full\" alt=\"Recette \u00e0 la dinde et \u00e0 la truite\" \/><\/div><\/a><\/div><a href=\"https:\/\/naturesharvest.ca\/fr\/product\/recette-a-la-dinde-et-a-la-truite\/\" class=\"woocommerce-LoopProduct-link woocommerce-loop-product__link\"><\/a><\/div><\/div><\/a><\/li>\n<li class=\"product type-product post-3465 status-publish instock product_cat-chat-fr product_cat-nourriture-humide-chat product_cat-original-chat has-post-thumbnail shipping-taxable product-type-simple\">\n\t<div class=\"jupiterx-products-wrapper \"><div class=\"jupiterx-product-container  raven-product-load-effect raven-product-effect-fade-in\" data-product-id=\"3465\"><a href=\"https:\/\/naturesharvest.ca\/fr\/product\/recette-au-porc-et-a-la-truite\/\" class=\"woocommerce-LoopProduct-link woocommerce-loop-product__link\"><div class=jupiterx-wc-loop-product-image-wrapper><a href=https:\/\/naturesharvest.ca\/fr\/product\/recette-au-porc-et-a-la-truite\/><div class=\"jupiterx-wc-loop-product-image raven-image-fit\"><div class=\"raven-product-image-overlay\"><\/div><img decoding=\"async\" width=\"1200\" height=\"1200\" src=\"https:\/\/naturesharvest.ca\/wp-content\/uploads\/2023\/07\/NaturesHarvest-Wet-Render-Can-369g-Cat-pork-trout-adult-web.jpg\" class=\"attachment-full size-full\" alt=\"Recette au porc et \u00e0 la truite\" \/><\/div><\/a><\/div><a href=\"https:\/\/naturesharvest.ca\/fr\/product\/recette-au-porc-et-a-la-truite\/\" class=\"woocommerce-LoopProduct-link woocommerce-loop-product__link\"><\/a><\/div><\/div><\/a><\/li>\n<li class=\"product type-product post-3464 status-publish last instock product_cat-chat-fr product_cat-nourriture-humide-chat product_cat-original-chat has-post-thumbnail shipping-taxable product-type-simple\">\n\t<div class=\"jupiterx-products-wrapper \"><div class=\"jupiterx-product-container  raven-product-load-effect raven-product-effect-fade-in\" data-product-id=\"3464\"><a href=\"https:\/\/naturesharvest.ca\/fr\/product\/recette-au-saumon-et-a-la-truite\/\" class=\"woocommerce-LoopProduct-link woocommerce-loop-product__link\"><div class=jupiterx-wc-loop-product-image-wrapper><a href=https:\/\/naturesharvest.ca\/fr\/product\/recette-au-saumon-et-a-la-truite\/><div class=\"jupiterx-wc-loop-product-image raven-image-fit\"><div class=\"raven-product-image-overlay\"><\/div><img decoding=\"async\" width=\"1200\" height=\"1200\" src=\"https:\/\/naturesharvest.ca\/wp-content\/uploads\/2023\/07\/NaturesHarvest-Wet-Render-Can-369g-Cat-salmon-trout-adult-web.jpg\" class=\"attachment-full size-full\" alt=\"Recette au saumon et \u00e0 la truite\" \/><\/div><\/a><\/div><a href=\"https:\/\/naturesharvest.ca\/fr\/product\/recette-au-saumon-et-a-la-truite\/\" class=\"woocommerce-LoopProduct-link woocommerce-loop-product__link\"><\/a><\/div><\/div><\/a><\/li>\n<li class=\"product type-product post-3468 status-publish first instock product_cat-chat-fr product_cat-nourriture-humide-chat product_cat-original-chat has-post-thumbnail shipping-taxable product-type-simple\">\n\t<div class=\"jupiterx-products-wrapper \"><div class=\"jupiterx-product-container  raven-product-load-effect raven-product-effect-fade-in\" data-product-id=\"3468\"><a href=\"https:\/\/naturesharvest.ca\/fr\/product\/recette-de-pate-a-la-dinde\/\" class=\"woocommerce-LoopProduct-link woocommerce-loop-product__link\"><div class=jupiterx-wc-loop-product-image-wrapper><a href=https:\/\/naturesharvest.ca\/fr\/product\/recette-de-pate-a-la-dinde\/><div class=\"jupiterx-wc-loop-product-image raven-image-fit\"><div class=\"raven-product-image-overlay\"><\/div><img loading=\"lazy\" decoding=\"async\" width=\"1200\" height=\"1200\" src=\"https:\/\/naturesharvest.ca\/wp-content\/uploads\/2023\/07\/NaturesHarvest-Wet-Render-Can-369g-Cat-adult-turkey-web.jpg\" class=\"attachment-full size-full\" alt=\"Recette de p\u00e2t\u00e9 \u00e0 la dinde\" \/><\/div><\/a><\/div><a href=\"https:\/\/naturesharvest.ca\/fr\/product\/recette-de-pate-a-la-dinde\/\" class=\"woocommerce-LoopProduct-link woocommerce-loop-product__link\"><\/a><\/div><\/div><\/a><\/li>\n<li class=\"product type-product post-3463 status-publish instock product_cat-chat-fr product_cat-nourriture-humide-chat product_cat-original-chat has-post-thumbnail shipping-taxable product-type-simple\">\n\t<div class=\"jupiterx-products-wrapper \"><div class=\"jupiterx-product-container  raven-product-load-effect raven-product-effect-fade-in\" data-product-id=\"3463\"><a href=\"https:\/\/naturesharvest.ca\/fr\/product\/recette-de-pate-au-boeuf-et-a-lagneau\/\" class=\"woocommerce-LoopProduct-link woocommerce-loop-product__link\"><div class=jupiterx-wc-loop-product-image-wrapper><a href=https:\/\/naturesharvest.ca\/fr\/product\/recette-de-pate-au-boeuf-et-a-lagneau\/><div class=\"jupiterx-wc-loop-product-image raven-image-fit\"><div class=\"raven-product-image-overlay\"><\/div><img loading=\"lazy\" decoding=\"async\" width=\"1200\" height=\"1200\" src=\"https:\/\/naturesharvest.ca\/wp-content\/uploads\/2023\/07\/NaturesHarvest-Wet-Render-Can-369g-Cat-beef-oceanfish-adult-web.jpg\" class=\"attachment-full size-full\" alt=\"Recette de p\u00e2t\u00e9 au b\u0153uf et \u00e0 l\u2019agneau\" \/><\/div><\/a><\/div><a href=\"https:\/\/naturesharvest.ca\/fr\/product\/recette-de-pate-au-boeuf-et-a-lagneau\/\" class=\"woocommerce-LoopProduct-link woocommerce-loop-product__link\"><\/a><\/div><\/div><\/a><\/li>\n<li class=\"product type-product post-3467 status-publish last instock product_cat-chat-fr product_cat-nourriture-humide-chat product_cat-original-chat product_tag-hypoallergenique has-post-thumbnail shipping-taxable product-type-simple\">\n\t<div class=\"jupiterx-products-wrapper \"><div class=\"jupiterx-product-container  raven-product-load-effect raven-product-effect-fade-in\" data-product-id=\"3467\"><a href=\"https:\/\/naturesharvest.ca\/fr\/product\/recette-de-pate-au-canard\/\" class=\"woocommerce-LoopProduct-link woocommerce-loop-product__link\"><div class=jupiterx-wc-loop-product-image-wrapper><a href=https:\/\/naturesharvest.ca\/fr\/product\/recette-de-pate-au-canard\/><div class=\"jupiterx-wc-loop-product-image raven-image-fit\"><div class=\"raven-product-image-overlay\"><\/div><img loading=\"lazy\" decoding=\"async\" width=\"1200\" height=\"1200\" src=\"https:\/\/naturesharvest.ca\/wp-content\/uploads\/2023\/07\/NaturesHarvest-Wet-Render-Can-369g-Cat-adult-duck-web.jpg\" class=\"attachment-full size-full\" alt=\"Recette de p\u00e2t\u00e9 au canard\" \/><\/div><\/a><\/div><a href=\"https:\/\/naturesharvest.ca\/fr\/product\/recette-de-pate-au-canard\/\" class=\"woocommerce-LoopProduct-link woocommerce-loop-product__link\"><\/a><\/div><\/div><\/a><\/li>\n<li class=\"product type-product post-3469 status-publish first instock product_cat-chat-fr product_cat-nourriture-humide-chat product_cat-original-chat product_tag-hypoallergenique has-post-thumbnail shipping-taxable product-type-simple\">\n\t<div class=\"jupiterx-products-wrapper \"><div class=\"jupiterx-product-container  raven-product-load-effect raven-product-effect-fade-in\" data-product-id=\"3469\"><a href=\"https:\/\/naturesharvest.ca\/fr\/product\/recette-de-pate-au-poisson-docean\/\" class=\"woocommerce-LoopProduct-link woocommerce-loop-product__link\"><div class=jupiterx-wc-loop-product-image-wrapper><a href=https:\/\/naturesharvest.ca\/fr\/product\/recette-de-pate-au-poisson-docean\/><div class=\"jupiterx-wc-loop-product-image raven-image-fit\"><div class=\"raven-product-image-overlay\"><\/div><img loading=\"lazy\" decoding=\"async\" width=\"1200\" height=\"1200\" src=\"https:\/\/naturesharvest.ca\/wp-content\/uploads\/2023\/07\/NaturesHarvest-Wet-Render-Can-369g-Cat-adult-coeanfish-web.jpg\" class=\"attachment-full size-full\" alt=\"Recette de p\u00e2t\u00e9 au poisson d\u2019oc\u00e9an\" \/><\/div><\/a><\/div><a href=\"https:\/\/naturesharvest.ca\/fr\/product\/recette-de-pate-au-poisson-docean\/\" class=\"woocommerce-LoopProduct-link woocommerce-loop-product__link\"><\/a><\/div><\/div><\/a><\/li>\n<li class=\"product type-product post-3476 status-publish instock product_cat-chat-fr product_cat-nourriture-humide-chat product_cat-original-chat has-post-thumbnail shipping-taxable product-type-simple\">\n\t<div class=\"jupiterx-products-wrapper \"><div class=\"jupiterx-product-container  raven-product-load-effect raven-product-effect-fade-in\" data-product-id=\"3476\"><a href=\"https:\/\/naturesharvest.ca\/fr\/product\/recette-de-pate-au-poulet-pour-adulte\/\" class=\"woocommerce-LoopProduct-link woocommerce-loop-product__link\"><div class=jupiterx-wc-loop-product-image-wrapper><a href=https:\/\/naturesharvest.ca\/fr\/product\/recette-de-pate-au-poulet-pour-adulte\/><div class=\"jupiterx-wc-loop-product-image raven-image-fit\"><div class=\"raven-product-image-overlay\"><\/div><img loading=\"lazy\" decoding=\"async\" width=\"1200\" height=\"1200\" src=\"https:\/\/naturesharvest.ca\/wp-content\/uploads\/2023\/07\/NaturesHarvest-Wet-Render-Can-369g-Cat-adult-chicken-web.jpg\" class=\"attachment-full size-full\" alt=\"Recette de p\u00e2t\u00e9 au poulet pour adulte\" \/><\/div><\/a><\/div><a href=\"https:\/\/naturesharvest.ca\/fr\/product\/recette-de-pate-au-poulet-pour-adulte\/\" class=\"woocommerce-LoopProduct-link woocommerce-loop-product__link\"><\/a><\/div><\/div><\/a><\/li>\n<li class=\"product type-product post-3477 status-publish last instock product_cat-chat-fr product_cat-nourriture-humide-chat product_cat-original-chat has-post-thumbnail shipping-taxable product-type-simple\">\n\t<div class=\"jupiterx-products-wrapper \"><div class=\"jupiterx-product-container  raven-product-load-effect raven-product-effect-fade-in\" data-product-id=\"3477\"><a href=\"https:\/\/naturesharvest.ca\/fr\/product\/recette-de-pate-au-poulet-pour-chaton\/\" class=\"woocommerce-LoopProduct-link woocommerce-loop-product__link\"><div class=jupiterx-wc-loop-product-image-wrapper><a href=https:\/\/naturesharvest.ca\/fr\/product\/recette-de-pate-au-poulet-pour-chaton\/><div class=\"jupiterx-wc-loop-product-image raven-image-fit\"><div class=\"raven-product-image-overlay\"><\/div><img loading=\"lazy\" decoding=\"async\" width=\"2499\" height=\"2499\" src=\"https:\/\/naturesharvest.ca\/wp-content\/uploads\/2023\/07\/NaturesHarvest-Wet-Render-Can-156g-Cat-chicken-kitten-web.jpg\" class=\"attachment-full size-full\" alt=\"Recette de p\u00e2t\u00e9 au poulet pour chaton\" \/><\/div><\/a><\/div><a href=\"https:\/\/naturesharvest.ca\/fr\/product\/recette-de-pate-au-poulet-pour-chaton\/\" class=\"woocommerce-LoopProduct-link woocommerce-loop-product__link\"><\/a><\/div><\/div><\/a><\/li>\n<li class=\"product type-product post-3466 status-publish first instock product_cat-chat-fr product_cat-nourriture-humide-chat product_cat-original-chat product_tag-gestion-du-poids has-post-thumbnail shipping-taxable product-type-simple\">\n\t<div class=\"jupiterx-products-wrapper \"><div class=\"jupiterx-product-container  raven-product-load-effect raven-product-effect-fade-in\" data-product-id=\"3466\"><a href=\"https:\/\/naturesharvest.ca\/fr\/product\/recette-de-pate-au-poulet-pour-chien-mature\/\" class=\"woocommerce-LoopProduct-link woocommerce-loop-product__link\"><div class=jupiterx-wc-loop-product-image-wrapper><a href=https:\/\/naturesharvest.ca\/fr\/product\/recette-de-pate-au-poulet-pour-chien-mature\/><div class=\"jupiterx-wc-loop-product-image raven-image-fit\"><div class=\"raven-product-image-overlay\"><\/div><img loading=\"lazy\" decoding=\"async\" width=\"1200\" height=\"1200\" src=\"https:\/\/naturesharvest.ca\/wp-content\/uploads\/2023\/07\/NaturesHarvest-Wet-Render-Can-369g-Cat-mature-chicken-web.jpg\" class=\"attachment-full size-full\" alt=\"Recette de p\u00e2t\u00e9 au poulet pour chien mature\" \/><\/div><\/a><\/div><a href=\"https:\/\/naturesharvest.ca\/fr\/product\/recette-de-pate-au-poulet-pour-chien-mature\/\" class=\"woocommerce-LoopProduct-link woocommerce-loop-product__link\"><\/a><\/div><\/div><\/a><\/li>\n<\/ul>\n<\/div>\t\t<\/div>\n\t\t\t\t\t\t<\/div>\n\t\t\t\t<\/div>\n\t\t\t\t\t<\/div>\n\t\t<\/div>\n\t\t\t\t\t<\/div>\n\t\t<\/section>\n\t\t\t\t<\/div>\n\t\t","protected":false},"excerpt":{"rendered":"<p>NOURRITURE HUMIDE Sans agents de conservation, ar\u00f4mes et colorants artificiels. Chat, Nourriture humide, Original Recette \u00e0 la dinde et \u00e0 la truite Chat, Nourriture humide, Original Recette au porc et \u00e0 la truite Chat, Nourriture humide, Original Recette au saumon et \u00e0 la truite Chat, Nourriture humide, Original Recette de p\u00e2t\u00e9 \u00e0 la dinde Chat, [&hellip;]<\/p>\n","protected":false},"author":1,"featured_media":0,"parent":3104,"menu_order":0,"comment_status":"closed","ping_status":"closed","template":"elementor_header_footer","meta":{"_acf_changed":false,"footnotes":""},"class_list":["post-3114","page","type-page","status-publish","hentry"],"acf":[],"_links":{"self":[{"href":"https:\/\/naturesharvest.ca\/fr\/wp-json\/wp\/v2\/pages\/3114","targetHints":{"allow":["GET"]}}],"collection":[{"href":"https:\/\/naturesharvest.ca\/fr\/wp-json\/wp\/v2\/pages"}],"about":[{"href":"https:\/\/naturesharvest.ca\/fr\/wp-json\/wp\/v2\/types\/page"}],"author":[{"embeddable":true,"href":"https:\/\/naturesharvest.ca\/fr\/wp-json\/wp\/v2\/users\/1"}],"replies":[{"embeddable":true,"href":"https:\/\/naturesharvest.ca\/fr\/wp-json\/wp\/v2\/comments?post=3114"}],"version-history":[{"count":0,"href":"https:\/\/naturesharvest.ca\/fr\/wp-json\/wp\/v2\/pages\/3114\/revisions"}],"up":[{"embeddable":true,"href":"https:\/\/naturesharvest.ca\/fr\/wp-json\/wp\/v2\/pages\/3104"}],"wp:attachment":[{"href":"https:\/\/naturesharvest.ca\/fr\/wp-json\/wp\/v2\/media?parent=3114"}],"curies":[{"name":"wp","href":"https:\/\/api.w.org\/{rel}","templated":true}]}}