{"id":3112,"date":"2023-11-28T16:50:05","date_gmt":"2023-11-28T16:50:05","guid":{"rendered":"https:\/\/new.naturesharvest.ca\/?page_id=3112"},"modified":"2023-12-04T17:26:33","modified_gmt":"2023-12-04T17:26:33","slug":"nourriture-seche","status":"publish","type":"page","link":"https:\/\/naturesharvest.ca\/fr\/pour-chats\/nourriture-seche\/","title":{"rendered":"Nourriture s\u00e8che"},"content":{"rendered":"\t\t<div data-elementor-type=\"wp-page\" data-elementor-id=\"3112\" class=\"elementor elementor-3112 elementor-1668\">\n\t\t\t\t\t\t<section class=\"elementor-section elementor-top-section elementor-element elementor-element-025d10b elementor-section-boxed elementor-section-height-default elementor-section-height-default\" data-id=\"025d10b\" data-element_type=\"section\" data-e-type=\"section\" data-settings=\"{&quot;jet_parallax_layout_list&quot;:[{&quot;jet_parallax_layout_image&quot;:{&quot;url&quot;:&quot;&quot;,&quot;id&quot;:&quot;&quot;,&quot;size&quot;:&quot;&quot;},&quot;_id&quot;:&quot;54e8dff&quot;,&quot;jet_parallax_layout_speed&quot;:{&quot;unit&quot;:&quot;%&quot;,&quot;size&quot;:&quot;50&quot;,&quot;sizes&quot;:[]},&quot;jet_parallax_layout_bg_x&quot;:&quot;50&quot;,&quot;jet_parallax_layout_bg_y&quot;:&quot;50&quot;,&quot;jet_parallax_layout_image_tablet&quot;:{&quot;url&quot;:&quot;&quot;,&quot;id&quot;:&quot;&quot;,&quot;size&quot;:&quot;&quot;},&quot;jet_parallax_layout_image_mobile&quot;:{&quot;url&quot;:&quot;&quot;,&quot;id&quot;:&quot;&quot;,&quot;size&quot;:&quot;&quot;},&quot;jet_parallax_layout_type&quot;:&quot;scroll&quot;,&quot;jet_parallax_layout_direction&quot;:&quot;1&quot;,&quot;jet_parallax_layout_fx_direction&quot;:null,&quot;jet_parallax_layout_z_index&quot;:&quot;&quot;,&quot;jet_parallax_layout_bg_x_tablet&quot;:&quot;&quot;,&quot;jet_parallax_layout_bg_x_mobile&quot;:&quot;&quot;,&quot;jet_parallax_layout_bg_y_tablet&quot;:&quot;&quot;,&quot;jet_parallax_layout_bg_y_mobile&quot;:&quot;&quot;,&quot;jet_parallax_layout_bg_size&quot;:&quot;auto&quot;,&quot;jet_parallax_layout_bg_size_tablet&quot;:&quot;&quot;,&quot;jet_parallax_layout_bg_size_mobile&quot;:&quot;&quot;,&quot;jet_parallax_layout_animation_prop&quot;:&quot;transform&quot;,&quot;jet_parallax_layout_on&quot;:[&quot;desktop&quot;,&quot;tablet&quot;]}],&quot;background_background&quot;:&quot;classic&quot;}\">\n\t\t\t\t\t\t<div class=\"elementor-container elementor-column-gap-no\">\n\t\t\t\t\t<div class=\"elementor-column elementor-col-100 elementor-top-column elementor-element elementor-element-3257b67\" data-id=\"3257b67\" data-element_type=\"column\" data-e-type=\"column\">\n\t\t\t<div class=\"elementor-widget-wrap elementor-element-populated\">\n\t\t\t\t\t\t<div class=\"elementor-element elementor-element-4802b6d elementor-align-left elementor-widget elementor-widget-raven-heading\" data-id=\"4802b6d\" data-element_type=\"widget\" data-e-type=\"widget\" data-widget_type=\"raven-heading.default\">\n\t\t\t\t<div class=\"elementor-widget-container\">\n\t\t\t\t\t\t\t<div class=\"raven-widget-wrapper\"><h1 class=\"raven-heading raven-heading-h1\"><span class=\"raven-heading-title \">NOURRITURE S\u00c8CHE<\/span><\/h1><\/div>\n\t\t\t\t\t\t<\/div>\n\t\t\t\t<\/div>\n\t\t\t\t<div class=\"elementor-element elementor-element-4d537bb elementor-align-left elementor-widget elementor-widget-raven-heading\" data-id=\"4d537bb\" data-element_type=\"widget\" data-e-type=\"widget\" data-widget_type=\"raven-heading.default\">\n\t\t\t\t<div class=\"elementor-widget-container\">\n\t\t\t\t\t\t\t<div class=\"raven-widget-wrapper\"><h5 class=\"raven-heading raven-heading-h5\"><span class=\"raven-heading-title \">Sans agents de conservation, ar\u00f4mes et colorants artificiels.<\/span><\/h5><\/div>\n\t\t\t\t\t\t<\/div>\n\t\t\t\t<\/div>\n\t\t\t\t\t<\/div>\n\t\t<\/div>\n\t\t\t\t\t<\/div>\n\t\t<\/section>\n\t\t\t\t<section class=\"elementor-section elementor-top-section elementor-element elementor-element-3dd135f elementor-section-boxed elementor-section-height-default elementor-section-height-default\" data-id=\"3dd135f\" data-element_type=\"section\" data-e-type=\"section\" data-settings=\"{&quot;jet_parallax_layout_list&quot;:[{&quot;jet_parallax_layout_image&quot;:{&quot;url&quot;:&quot;&quot;,&quot;id&quot;:&quot;&quot;,&quot;size&quot;:&quot;&quot;},&quot;_id&quot;:&quot;38cfd14&quot;,&quot;jet_parallax_layout_speed&quot;:{&quot;unit&quot;:&quot;%&quot;,&quot;size&quot;:&quot;50&quot;,&quot;sizes&quot;:[]},&quot;jet_parallax_layout_bg_x&quot;:&quot;50&quot;,&quot;jet_parallax_layout_bg_y&quot;:&quot;50&quot;,&quot;jet_parallax_layout_image_tablet&quot;:{&quot;url&quot;:&quot;&quot;,&quot;id&quot;:&quot;&quot;,&quot;size&quot;:&quot;&quot;},&quot;jet_parallax_layout_image_mobile&quot;:{&quot;url&quot;:&quot;&quot;,&quot;id&quot;:&quot;&quot;,&quot;size&quot;:&quot;&quot;},&quot;jet_parallax_layout_type&quot;:&quot;scroll&quot;,&quot;jet_parallax_layout_direction&quot;:&quot;1&quot;,&quot;jet_parallax_layout_fx_direction&quot;:null,&quot;jet_parallax_layout_z_index&quot;:&quot;&quot;,&quot;jet_parallax_layout_bg_x_tablet&quot;:&quot;&quot;,&quot;jet_parallax_layout_bg_x_mobile&quot;:&quot;&quot;,&quot;jet_parallax_layout_bg_y_tablet&quot;:&quot;&quot;,&quot;jet_parallax_layout_bg_y_mobile&quot;:&quot;&quot;,&quot;jet_parallax_layout_bg_size&quot;:&quot;auto&quot;,&quot;jet_parallax_layout_bg_size_tablet&quot;:&quot;&quot;,&quot;jet_parallax_layout_bg_size_mobile&quot;:&quot;&quot;,&quot;jet_parallax_layout_animation_prop&quot;:&quot;transform&quot;,&quot;jet_parallax_layout_on&quot;:[&quot;desktop&quot;,&quot;tablet&quot;]}],&quot;background_background&quot;:&quot;classic&quot;}\">\n\t\t\t\t\t\t<div class=\"elementor-container elementor-column-gap-no\">\n\t\t\t\t\t<div class=\"elementor-column elementor-col-100 elementor-top-column elementor-element elementor-element-3524939\" data-id=\"3524939\" data-element_type=\"column\" data-e-type=\"column\">\n\t\t\t<div class=\"elementor-widget-wrap elementor-element-populated\">\n\t\t\t\t\t\t<div class=\"elementor-element elementor-element-1fa1f1c raven-products-columns--tablet-count-3 raven-products-columns--mobile-count-1 raven-swap-effect-enlarge_hover raven-products-gerenal-layout-grid raven-products-content-layout-under-image raven-products-columns--count-3 raven-title-show raven-rating-show raven-oos-badge-show raven-quick-view-show box-alignment-center elementor-widget elementor-widget-raven-wc-products\" data-id=\"1fa1f1c\" data-element_type=\"widget\" data-e-type=\"widget\" data-settings=\"{&quot;query_orderby&quot;:&quot;title&quot;,&quot;query_order&quot;:&quot;ASC&quot;,&quot;layout&quot;:&quot;custom&quot;,&quot;show_all_products&quot;:&quot;yes&quot;,&quot;columns_custom_tablet&quot;:&quot;3&quot;,&quot;columns_custom_mobile&quot;:&quot;1&quot;,&quot;swap_effect&quot;:&quot;enlarge_hover&quot;,&quot;load_effect&quot;:&quot;fade-in&quot;,&quot;query_offset&quot;:0,&quot;view_as&quot;:&quot;column&quot;,&quot;general_layout&quot;:&quot;grid&quot;,&quot;content_layout&quot;:&quot;under-image&quot;,&quot;columns_custom&quot;:&quot;3&quot;}\" data-widget_type=\"raven-wc-products.default\">\n\t\t\t\t<div class=\"elementor-widget-container\">\n\t\t\t\t\t\t\t<div\n\t\t\tclass=\"raven-wc-products-wrapper raven-wc-products-custom\"\n\t\t\tdata-settings=\"{&quot;layout&quot;:&quot;custom&quot;,&quot;total_pages&quot;:1,&quot;image_size&quot;:&quot;full&quot;,&quot;atc_button&quot;:&quot;&quot;}\"\n\t\t\tdata-query=\"{&quot;\\u0000*\\u0000type&quot;:&quot;products&quot;,&quot;\\u0000*\\u0000attributes&quot;:{&quot;limit&quot;:&quot;-1&quot;,&quot;columns&quot;:&quot;3&quot;,&quot;rows&quot;:null,&quot;orderby&quot;:&quot;title&quot;,&quot;order&quot;:&quot;ASC&quot;,&quot;ids&quot;:&quot;&quot;,&quot;skus&quot;:&quot;&quot;,&quot;category&quot;:&quot;255&quot;,&quot;cat_operator&quot;:&quot;IN&quot;,&quot;attribute&quot;:&quot;&quot;,&quot;terms&quot;:&quot;&quot;,&quot;terms_operator&quot;:&quot;IN&quot;,&quot;tag&quot;:&quot;&quot;,&quot;tag_operator&quot;:&quot;IN&quot;,&quot;visibility&quot;:&quot;visible&quot;,&quot;class&quot;:&quot;&quot;,&quot;page&quot;:1,&quot;paginate&quot;:false,&quot;cache&quot;:true,&quot;brand&quot;:&quot;&quot;,&quot;brand_operator&quot;:&quot;IN&quot;},&quot;\\u0000*\\u0000query_args&quot;:{&quot;post_type&quot;:&quot;product&quot;,&quot;post_status&quot;:&quot;publish&quot;,&quot;ignore_sticky_posts&quot;:true,&quot;no_found_rows&quot;:true,&quot;orderby&quot;:&quot;title&quot;,&quot;order&quot;:&quot;ASC&quot;,&quot;posts_per_page&quot;:-1,&quot;meta_query&quot;:[],&quot;tax_query&quot;:[{&quot;taxonomy&quot;:&quot;product_visibility&quot;,&quot;field&quot;:&quot;term_taxonomy_id&quot;,&quot;terms&quot;:[14],&quot;operator&quot;:&quot;NOT IN&quot;},{&quot;taxonomy&quot;:&quot;product_cat&quot;,&quot;terms&quot;:[255],&quot;field&quot;:&quot;term_id&quot;,&quot;operator&quot;:&quot;IN&quot;,&quot;include_children&quot;:true}],&quot;fields&quot;:&quot;ids&quot;},&quot;\\u0000*\\u0000custom_visibility&quot;:false,&quot;fallback_filter&quot;:null,&quot;context_id&quot;:&quot;ctx_0&quot;}\"\n\t\t\t\t\t>\n\t\t\t<h2 class=\"raven-wc-products-title\"><\/h2><div class=\"woocommerce columns-3 \"><ul class=\"products columns-3\">\n<li class=\"product type-product post-3532 status-publish first instock product_cat-chat-fr product_cat-nourriture-seche-chat product_tag-ingredients-limites product_tag-sans-grains has-post-thumbnail shipping-taxable product-type-simple\">\n\t<div class=\"jupiterx-products-wrapper \"><div class=\"jupiterx-product-container  raven-product-load-effect raven-product-effect-fade-in\" data-product-id=\"3532\"><a href=\"https:\/\/naturesharvest.ca\/fr\/product\/recette-a-la-morue-sauvage\/\" class=\"woocommerce-LoopProduct-link woocommerce-loop-product__link\"><div class=jupiterx-wc-loop-product-image-wrapper><a href=https:\/\/naturesharvest.ca\/fr\/product\/recette-a-la-morue-sauvage\/><div class=\"jupiterx-wc-loop-product-image raven-image-fit\"><div class=\"raven-product-image-overlay\"><\/div><img fetchpriority=\"high\" decoding=\"async\" width=\"1200\" height=\"1200\" src=\"https:\/\/naturesharvest.ca\/wp-content\/uploads\/2023\/07\/NaturesHarvest-Cat-Dry-Render-Wild-Cod-Front-web.jpg\" class=\"attachment-full size-full\" alt=\"Recette \u00e0 la morue sauvage\" \/><\/div><\/a><\/div><a href=\"https:\/\/naturesharvest.ca\/fr\/product\/recette-a-la-morue-sauvage\/\" class=\"woocommerce-LoopProduct-link woocommerce-loop-product__link\"><\/a><\/div><\/div><\/a><\/li>\n<li class=\"product type-product post-3535 status-publish instock product_cat-chat-fr product_cat-nourriture-seche-chat has-post-thumbnail shipping-taxable product-type-simple\">\n\t<div class=\"jupiterx-products-wrapper \"><div class=\"jupiterx-product-container  raven-product-load-effect raven-product-effect-fade-in\" data-product-id=\"3535\"><a href=\"https:\/\/naturesharvest.ca\/fr\/product\/recette-au-poulet-pour-adulte-ou-chaton\/\" class=\"woocommerce-LoopProduct-link woocommerce-loop-product__link\"><div class=jupiterx-wc-loop-product-image-wrapper><a href=https:\/\/naturesharvest.ca\/fr\/product\/recette-au-poulet-pour-adulte-ou-chaton\/><div class=\"jupiterx-wc-loop-product-image raven-image-fit\"><div class=\"raven-product-image-overlay\"><\/div><img decoding=\"async\" width=\"1200\" height=\"1200\" src=\"https:\/\/naturesharvest.ca\/wp-content\/uploads\/2023\/07\/NaturesHarvest-Cat-Dry-Render-Adult-Cat-Kitten-Front-web.jpg\" class=\"attachment-full size-full\" alt=\"Recette au poulet pour adulte ou chaton\" \/><\/div><\/a><\/div><a href=\"https:\/\/naturesharvest.ca\/fr\/product\/recette-au-poulet-pour-adulte-ou-chaton\/\" class=\"woocommerce-LoopProduct-link woocommerce-loop-product__link\"><\/a><\/div><\/div><\/a><\/li>\n<li class=\"product type-product post-3533 status-publish last instock product_cat-chat-fr product_cat-nourriture-seche-chat product_tag-gestion-du-poids has-post-thumbnail shipping-taxable product-type-simple\">\n\t<div class=\"jupiterx-products-wrapper \"><div class=\"jupiterx-product-container  raven-product-load-effect raven-product-effect-fade-in\" data-product-id=\"3533\"><a href=\"https:\/\/naturesharvest.ca\/fr\/product\/recette-au-poulet-pour-chien-mature\/\" class=\"woocommerce-LoopProduct-link woocommerce-loop-product__link\"><div class=jupiterx-wc-loop-product-image-wrapper><a href=https:\/\/naturesharvest.ca\/fr\/product\/recette-au-poulet-pour-chien-mature\/><div class=\"jupiterx-wc-loop-product-image raven-image-fit\"><div class=\"raven-product-image-overlay\"><\/div><img decoding=\"async\" width=\"1200\" height=\"1200\" src=\"https:\/\/naturesharvest.ca\/wp-content\/uploads\/2023\/07\/NaturesHarvest-Cat-Dry-Render-Mature-Front-web.jpg\" class=\"attachment-full size-full\" alt=\"Recette au poulet pour chien mature\" \/><\/div><\/a><\/div><a href=\"https:\/\/naturesharvest.ca\/fr\/product\/recette-au-poulet-pour-chien-mature\/\" class=\"woocommerce-LoopProduct-link woocommerce-loop-product__link\"><\/a><\/div><\/div><\/a><\/li>\n<li class=\"product type-product post-3534 status-publish first instock product_cat-chat-fr product_cat-nourriture-seche-chat product_tag-ingredients-limites product_tag-sans-grains has-post-thumbnail shipping-taxable product-type-simple\">\n\t<div class=\"jupiterx-products-wrapper \"><div class=\"jupiterx-product-container  raven-product-load-effect raven-product-effect-fade-in\" data-product-id=\"3534\"><a href=\"https:\/\/naturesharvest.ca\/fr\/product\/recette-au-poulet-sans-grains\/\" class=\"woocommerce-LoopProduct-link woocommerce-loop-product__link\"><div class=jupiterx-wc-loop-product-image-wrapper><a href=https:\/\/naturesharvest.ca\/fr\/product\/recette-au-poulet-sans-grains\/><div class=\"jupiterx-wc-loop-product-image raven-image-fit\"><div class=\"raven-product-image-overlay\"><\/div><img loading=\"lazy\" decoding=\"async\" width=\"1200\" height=\"1200\" src=\"https:\/\/naturesharvest.ca\/wp-content\/uploads\/2023\/07\/NaturesHarvest-Cat-Dry-Render-GF-Chicken-Front-web.jpg\" class=\"attachment-full size-full\" alt=\"Recette au poulet sans grains\" \/><\/div><\/a><\/div><a href=\"https:\/\/naturesharvest.ca\/fr\/product\/recette-au-poulet-sans-grains\/\" class=\"woocommerce-LoopProduct-link woocommerce-loop-product__link\"><\/a><\/div><\/div><\/a><\/li>\n<\/ul>\n<\/div>\t\t<\/div>\n\t\t\t\t\t\t<\/div>\n\t\t\t\t<\/div>\n\t\t\t\t\t<\/div>\n\t\t<\/div>\n\t\t\t\t\t<\/div>\n\t\t<\/section>\n\t\t\t\t<\/div>\n\t\t","protected":false},"excerpt":{"rendered":"<p>NOURRITURE S\u00c8CHE Sans agents de conservation, ar\u00f4mes et colorants artificiels. Chat, Nourriture s\u00e8che Recette \u00e0 la morue sauvage Read more Chat, Nourriture s\u00e8che Recette au poulet pour adulte ou chaton Read more Chat, Nourriture s\u00e8che Recette au poulet pour chien mature Read more Chat, Nourriture s\u00e8che Recette au poulet sans grains Read more<\/p>\n","protected":false},"author":1,"featured_media":0,"parent":3104,"menu_order":0,"comment_status":"closed","ping_status":"closed","template":"elementor_header_footer","meta":{"_acf_changed":false,"footnotes":""},"class_list":["post-3112","page","type-page","status-publish","hentry"],"acf":[],"_links":{"self":[{"href":"https:\/\/naturesharvest.ca\/fr\/wp-json\/wp\/v2\/pages\/3112","targetHints":{"allow":["GET"]}}],"collection":[{"href":"https:\/\/naturesharvest.ca\/fr\/wp-json\/wp\/v2\/pages"}],"about":[{"href":"https:\/\/naturesharvest.ca\/fr\/wp-json\/wp\/v2\/types\/page"}],"author":[{"embeddable":true,"href":"https:\/\/naturesharvest.ca\/fr\/wp-json\/wp\/v2\/users\/1"}],"replies":[{"embeddable":true,"href":"https:\/\/naturesharvest.ca\/fr\/wp-json\/wp\/v2\/comments?post=3112"}],"version-history":[{"count":0,"href":"https:\/\/naturesharvest.ca\/fr\/wp-json\/wp\/v2\/pages\/3112\/revisions"}],"up":[{"embeddable":true,"href":"https:\/\/naturesharvest.ca\/fr\/wp-json\/wp\/v2\/pages\/3104"}],"wp:attachment":[{"href":"https:\/\/naturesharvest.ca\/fr\/wp-json\/wp\/v2\/media?parent=3112"}],"curies":[{"name":"wp","href":"https:\/\/api.w.org\/{rel}","templated":true}]}}